{"id":9,"date":"2018-11-11T21:36:48","date_gmt":"2018-11-11T21:36:48","guid":{"rendered":"http:\/\/aneva.es\/?page_id=9"},"modified":"2020-10-18T22:06:05","modified_gmt":"2020-10-18T22:06:05","slug":"producto","status":"publish","type":"page","link":"https:\/\/aneva.es\/en\/producto\/","title":{"rendered":"Our Product"},"content":{"rendered":"<p align=\"justify\"><img loading=\"lazy\" decoding=\"async\" class=\"size-full wp-image-21 alignright\" src=\"\/\/aneva.es\/wp-content\/uploads\/2018\/11\/productos.jpg\" alt=\"\" width=\"250\" height=\"1200\" \/>The key feature of our work is the ability to design and manufacture any luminaire design, tailored specifically to the location and benefit of each installation, unlike most European suppliers, commited to providing products they presume and anticipate these facilities require.<\/p>\n<p>Igualmente, dentro del grupo\u00a0<em class=\"logo1\">aneva<\/em>, contamos con la mejor capacidad de propuesta, apoyada por nuestro servicio de estudios y proyectos integrales de iluminaci\u00f3n.<\/p>\n<p>The character and the thoughtful application of our products has been determined as an added-value towards a large number of projects carried out for more than 40 years, all within a very competitive price range.<\/p>\n<p>Some of the standout fields we have covered, amongst our 6,000+ products made throughout the life of our company are:<\/p>\n<ul>\n<li style=\"list-style-type: none;\">\n<ul>\n<li>Rustproff steel luminaires made for hospitals, industrial or outdoor environments.<\/li>\n<li>Luminaires made from ironwork or aluminium injection to be built in or attached on the floor for indoor and outdoor environments.<\/li>\n<li>Bollards and lampposts made of steel or aluminium for gardens or vials.<\/li>\n<li>Technical and decorative signage made with optical fiber, LEDs or Electroluminescence.<\/li>\n<li>Underwater luminaires with IP-68 sealing gel.<\/li>\n<li>High security luminaires for prisons.<\/li>\n<li>Hanging structures made of extruded aluminium with several types of luminaires and items to use.<\/li>\n<li>Luminaires for magnetic induction lamps and high performance LEDs with a lasting life of over 60,000 hours.<\/li>\n<li>Luminaires adapted to various management systems and digital control.<\/li>\n<\/ul>\n<\/li>\n<\/ul>","protected":false},"excerpt":{"rendered":"<p>La caracter\u00edstica fundamental de nuestra labor es la concepci\u00f3n y fabricaci\u00f3n de cualquier dise\u00f1o de luminaria, adaptado de forma espec\u00edfica a la ubicaci\u00f3n y prestaci\u00f3n de cada instalaci\u00f3n, de modo contrario a la mayor parte de los oferentes del mercado europeo, empe\u00f1ados en ofrecer productos que presumen y anticipan las necesidades particulares de dichas instalaciones. &hellip; <\/p>\n<p class=\"link-more\"><a href=\"https:\/\/aneva.es\/en\/producto\/\" class=\"more-link\">Continue reading<span class=\"screen-reader-text\"> \u00abNuestro producto\u00bb<\/span><\/a><\/p>","protected":false},"author":1,"featured_media":0,"parent":0,"menu_order":0,"comment_status":"closed","ping_status":"closed","template":"","meta":{"_mi_skip_tracking":false,"footnotes":""},"class_list":["post-9","page","type-page","status-publish","hentry"],"aioseo_notices":[],"_links":{"self":[{"href":"https:\/\/aneva.es\/en\/wp-json\/wp\/v2\/pages\/9","targetHints":{"allow":["GET"]}}],"collection":[{"href":"https:\/\/aneva.es\/en\/wp-json\/wp\/v2\/pages"}],"about":[{"href":"https:\/\/aneva.es\/en\/wp-json\/wp\/v2\/types\/page"}],"author":[{"embeddable":true,"href":"https:\/\/aneva.es\/en\/wp-json\/wp\/v2\/users\/1"}],"replies":[{"embeddable":true,"href":"https:\/\/aneva.es\/en\/wp-json\/wp\/v2\/comments?post=9"}],"version-history":[{"count":8,"href":"https:\/\/aneva.es\/en\/wp-json\/wp\/v2\/pages\/9\/revisions"}],"predecessor-version":[{"id":303,"href":"https:\/\/aneva.es\/en\/wp-json\/wp\/v2\/pages\/9\/revisions\/303"}],"wp:attachment":[{"href":"https:\/\/aneva.es\/en\/wp-json\/wp\/v2\/media?parent=9"}],"curies":[{"name":"wp","href":"https:\/\/api.w.org\/{rel}","templated":true}]}}