{"id":8,"date":"2018-11-11T21:46:18","date_gmt":"2018-11-11T21:46:18","guid":{"rendered":"http:\/\/aneva.es\/?page_id=8"},"modified":"2018-11-11T22:54:50","modified_gmt":"2018-11-11T22:54:50","slug":"enlaces","status":"publish","type":"page","link":"https:\/\/aneva.es\/en\/enlaces\/","title":{"rendered":"Links"},"content":{"rendered":"<p>Hereby are some interesting links:<\/p>\n<ul>\n<li><a href=\"http:\/\/www.ceisp.com\/\" target=\"blank\">International Lighting Committee<\/a><\/li>\n<li><a href=\"http:\/\/www.codigotecnico.org\/index.php?id=33\" target=\"blank\">Spanish Technical Building Code\u00a0<\/a><\/li>\n<li><a href=\"http:\/\/www.boe.es\/buscar\/doc.php?id=BOE-A-1997-8669\" target=\"blank\">Spanish Royal Resolution 489\/1997<\/a><\/li>\n<li><a href=\"http:\/\/www.madrid.org\/bvirtual\/BVCM005639.pdf\" target=\"blank\">Efficient lighting technical guide\u00a0<\/a><\/li>\n<\/ul>","protected":false},"excerpt":{"rendered":"<p>Se disponen a continuaci\u00f3n de ciertos enlaces de inter\u00e9s: Comit\u00e9 internacional de iluminaci\u00f3n C\u00f3digo t\u00e9cnico de edificaci\u00f3n\u00a0 Real decreto 489\/1997 Gu\u00eda t\u00e9cnica de iluminaci\u00f3n eficiente\u00a0<\/p>","protected":false},"author":1,"featured_media":0,"parent":0,"menu_order":0,"comment_status":"closed","ping_status":"closed","template":"","meta":{"_mi_skip_tracking":false,"footnotes":""},"class_list":["post-8","page","type-page","status-publish","hentry"],"aioseo_notices":[],"_links":{"self":[{"href":"https:\/\/aneva.es\/en\/wp-json\/wp\/v2\/pages\/8","targetHints":{"allow":["GET"]}}],"collection":[{"href":"https:\/\/aneva.es\/en\/wp-json\/wp\/v2\/pages"}],"about":[{"href":"https:\/\/aneva.es\/en\/wp-json\/wp\/v2\/types\/page"}],"author":[{"embeddable":true,"href":"https:\/\/aneva.es\/en\/wp-json\/wp\/v2\/users\/1"}],"replies":[{"embeddable":true,"href":"https:\/\/aneva.es\/en\/wp-json\/wp\/v2\/comments?post=8"}],"version-history":[{"count":2,"href":"https:\/\/aneva.es\/en\/wp-json\/wp\/v2\/pages\/8\/revisions"}],"predecessor-version":[{"id":54,"href":"https:\/\/aneva.es\/en\/wp-json\/wp\/v2\/pages\/8\/revisions\/54"}],"wp:attachment":[{"href":"https:\/\/aneva.es\/en\/wp-json\/wp\/v2\/media?parent=8"}],"curies":[{"name":"wp","href":"https:\/\/api.w.org\/{rel}","templated":true}]}}