{"id":7,"date":"2018-11-11T21:46:18","date_gmt":"2018-11-11T21:46:18","guid":{"rendered":"http:\/\/aneva.es\/?page_id=7"},"modified":"2020-10-18T22:02:24","modified_gmt":"2020-10-18T22:02:24","slug":"nosotros","status":"publish","type":"page","link":"https:\/\/aneva.es\/en\/nosotros\/","title":{"rendered":"About Us"},"content":{"rendered":"<p><img loading=\"lazy\" decoding=\"async\" class=\"alignleft wp-image-179 size-full\" style=\"color: #666666; font-size: 1.125rem; font-style: italic;\" src=\"\/\/aneva.es\/wp-content\/uploads\/2018\/11\/790-00-1.jpg\" alt=\"\" width=\"370\" height=\"800\" \/><br \/>\n<em class=\"logo1\">aneva<\/em> is a structure\u00a0<strong><em>capable of adapt<\/em><\/strong>\u00a0to the most diverse needs, offering concept options and\u00a0<em><strong>specific design in a short period of time<\/strong><\/em>, providing solutions that buildings of our time need.<\/p>\n<blockquote><p><strong><em>\u00abNuestra filosof\u00eda\u00a0<\/em><\/strong><em>is based on the match that exists between an efficient design and a particular architectural need.\"<\/em><\/p><\/blockquote>\n<blockquote><p><strong><em>\u00abNuestro objetivo<\/em><\/strong>\u00a0es ser instrumento de la imaginaci\u00f3n en los entornos m\u00e1s singulares, como mejor alternativa de aplicaci\u00f3n.\u00bb<\/p><\/blockquote>\n<p>Since 1960\u00a0<em class=\"logo1\">aneva<\/em>\u00a0has acumulated enough experience to offer, in every moment,<strong>\u00a0<em>a true guarantee for the future,<\/em><\/strong>, by making excellent and long-lasting products with the highest quality, and by being a direct alternative choice to that rigid standardization that can be found within the market.<\/p>\n<div style=\"width:100%; height:2px; display:block;border-bottom:1px #DDD solid;margin-bottom:5px\"><span><\/span><\/div>\n<p><img loading=\"lazy\" decoding=\"async\" width=\"748\" height=\"597\" class=\"aligncenter size-full wp-image-117\" src=\"\/\/aneva.es\/wp-content\/uploads\/2018\/11\/969-01.jpg\" alt=\"\" style=\"width:500px;margin-top:10px\" srcset=\"https:\/\/aneva.es\/wp-content\/uploads\/2018\/11\/969-01.jpg 748w, https:\/\/aneva.es\/wp-content\/uploads\/2018\/11\/969-01-300x239.jpg 300w\" sizes=\"auto, (max-width: 706px) 89vw, (max-width: 767px) 82vw, 740px\" \/><\/p>\n<p><em class=\"logo1\">aneva<\/em>\u00a0ha sido un destacado colaborador en el Museo de las Colecciones Reales de Madrid, con el suministro de m\u00e1s de 2.000m de luminarias de alta tecnolog\u00eda y acertado dise\u00f1o.<\/p>\n<p><img loading=\"lazy\" decoding=\"async\" width=\"748\" height=\"598\" class=\"aligncenter size-full wp-image-147\" src=\"\/\/aneva.es\/wp-content\/uploads\/2018\/11\/959-01.jpg\" alt=\"\" style=\"width:500px;margin-top:10px\" srcset=\"https:\/\/aneva.es\/wp-content\/uploads\/2018\/11\/959-01.jpg 748w, https:\/\/aneva.es\/wp-content\/uploads\/2018\/11\/959-01-300x240.jpg 300w\" sizes=\"auto, (max-width: 706px) 89vw, (max-width: 767px) 82vw, 740px\" \/><\/p>\n<p><em class=\"logo1\">aneva<\/em>\u00a0designed and produced high capability solutions in the implantation of curved light alignments, installed in the Auditorium of the new BBVA City, in Madrid.<\/p>\n<p><img loading=\"lazy\" decoding=\"async\" class=\"aligncenter size-full wp-image-181\" src=\"\/\/aneva.es\/wp-content\/uploads\/2018\/11\/790-01Grupo-1.jpg\" alt=\"\" width=\"480\" height=\"155\" srcset=\"https:\/\/aneva.es\/wp-content\/uploads\/2018\/11\/790-01Grupo-1.jpg 480w, https:\/\/aneva.es\/wp-content\/uploads\/2018\/11\/790-01Grupo-1-300x97.jpg 300w\" sizes=\"auto, (max-width: 480px) 100vw, 480px\" \/><\/p>\n<p>The combination of a bold design from the Adam Bresnick Architectural Cabinet and the most sophisticated production technique, offers as a result products of spectacular beauty in the residential area.<\/p>","protected":false},"excerpt":{"rendered":"<p>aneva es una estructura\u00a0capaz de adaptarse\u00a0a las m\u00e1s diversas necesidades, ofreciendo opciones de concepto y\u00a0dise\u00f1o espec\u00edfico a muy corto plazo, aportando las soluciones que precisan las construcciones del nuevo tiempo. \u00abNuestra filosof\u00eda\u00a0se basa en la correspondencia entre el dise\u00f1o eficiente y la necesidad arquitect\u00f3nica espec\u00edfica. \u00abNuestro objetivo\u00a0es ser instrumento de la imaginaci\u00f3n en los entornos &hellip; <\/p>\n<p class=\"link-more\"><a href=\"https:\/\/aneva.es\/en\/nosotros\/\" class=\"more-link\">Continue reading<span class=\"screen-reader-text\"> \u00abNosotros\u00bb<\/span><\/a><\/p>","protected":false},"author":1,"featured_media":0,"parent":0,"menu_order":0,"comment_status":"closed","ping_status":"closed","template":"","meta":{"_mi_skip_tracking":false,"footnotes":""},"class_list":["post-7","page","type-page","status-publish","hentry"],"aioseo_notices":[],"_links":{"self":[{"href":"https:\/\/aneva.es\/en\/wp-json\/wp\/v2\/pages\/7","targetHints":{"allow":["GET"]}}],"collection":[{"href":"https:\/\/aneva.es\/en\/wp-json\/wp\/v2\/pages"}],"about":[{"href":"https:\/\/aneva.es\/en\/wp-json\/wp\/v2\/types\/page"}],"author":[{"embeddable":true,"href":"https:\/\/aneva.es\/en\/wp-json\/wp\/v2\/users\/1"}],"replies":[{"embeddable":true,"href":"https:\/\/aneva.es\/en\/wp-json\/wp\/v2\/comments?post=7"}],"version-history":[{"count":27,"href":"https:\/\/aneva.es\/en\/wp-json\/wp\/v2\/pages\/7\/revisions"}],"predecessor-version":[{"id":195,"href":"https:\/\/aneva.es\/en\/wp-json\/wp\/v2\/pages\/7\/revisions\/195"}],"wp:attachment":[{"href":"https:\/\/aneva.es\/en\/wp-json\/wp\/v2\/media?parent=7"}],"curies":[{"name":"wp","href":"https:\/\/api.w.org\/{rel}","templated":true}]}}