{"id":343,"date":"2022-06-13T11:24:30","date_gmt":"2022-06-13T11:24:30","guid":{"rendered":"https:\/\/aneva.es\/?page_id=343"},"modified":"2022-06-13T11:24:30","modified_gmt":"2022-06-13T11:24:30","slug":"vision-colaborativa","status":"publish","type":"page","link":"https:\/\/aneva.es\/en\/vision-colaborativa\/","title":{"rendered":"COLLABORATIVE VISION"},"content":{"rendered":"<p><strong>The existing professional structure in the current market recognizes the need to interact between the different concurrent actors (architects, lighting designers, project management, engineers and manufacturers) through very specific collaboration programs, often configured from the needs of the design itself to develop.<\/strong><\/p>\n<p><strong><img loading=\"lazy\" decoding=\"async\" class=\"aligncenter wp-image-21 size-full\" src=\"https:\/\/aneva.es\/wp-content\/uploads\/2018\/11\/productos.jpg\" alt=\"\" width=\"250\" height=\"1200\" \/><\/strong><\/p>\n<p><strong>In this sense, <em>aneva<\/em> responds with great flexibility to various collaboration possibilities, thus obtaining the best use of joint synergies aimed at guaranteeing maximum efficiency in the complete process towards the final product.<\/strong><\/p>","protected":false},"excerpt":{"rendered":"<p>La estructura profesional existente en el mercado actual reconoce la necesidad de interactuar entre los distintos actores concurrentes (arquitectos, lighting designers, projects management, ingenieros y fabricantes) a trav\u00e9s de programas de colaboraci\u00f3n muy espec\u00edficos, a menudo configurados desde las necesidades del propio dise\u00f1o a desarrollar. En dicho sentido, aneva corresponde con gran flexibilidad a varias &hellip; <\/p>\n<p class=\"link-more\"><a href=\"https:\/\/aneva.es\/en\/vision-colaborativa\/\" class=\"more-link\">Continue reading<span class=\"screen-reader-text\"> \u00abVISI\u00d3N COLABORATIVA\u00bb<\/span><\/a><\/p>","protected":false},"author":2,"featured_media":0,"parent":0,"menu_order":0,"comment_status":"closed","ping_status":"closed","template":"","meta":{"_mi_skip_tracking":false,"footnotes":""},"class_list":["post-343","page","type-page","status-publish","hentry"],"aioseo_notices":[],"_links":{"self":[{"href":"https:\/\/aneva.es\/en\/wp-json\/wp\/v2\/pages\/343","targetHints":{"allow":["GET"]}}],"collection":[{"href":"https:\/\/aneva.es\/en\/wp-json\/wp\/v2\/pages"}],"about":[{"href":"https:\/\/aneva.es\/en\/wp-json\/wp\/v2\/types\/page"}],"author":[{"embeddable":true,"href":"https:\/\/aneva.es\/en\/wp-json\/wp\/v2\/users\/2"}],"replies":[{"embeddable":true,"href":"https:\/\/aneva.es\/en\/wp-json\/wp\/v2\/comments?post=343"}],"version-history":[{"count":4,"href":"https:\/\/aneva.es\/en\/wp-json\/wp\/v2\/pages\/343\/revisions"}],"predecessor-version":[{"id":412,"href":"https:\/\/aneva.es\/en\/wp-json\/wp\/v2\/pages\/343\/revisions\/412"}],"wp:attachment":[{"href":"https:\/\/aneva.es\/en\/wp-json\/wp\/v2\/media?parent=343"}],"curies":[{"name":"wp","href":"https:\/\/api.w.org\/{rel}","templated":true}]}}