{"id":338,"date":"2022-06-13T11:23:39","date_gmt":"2022-06-13T11:23:39","guid":{"rendered":"https:\/\/aneva.es\/?page_id=338"},"modified":"2022-06-14T17:08:26","modified_gmt":"2022-06-14T17:08:26","slug":"gestion-de-diseno","status":"publish","type":"page","link":"https:\/\/aneva.es\/en\/gestion-de-diseno\/","title":{"rendered":"DESIGN MANAGEMENT"},"content":{"rendered":"<p>&nbsp;<\/p>\n<p><strong><img loading=\"lazy\" decoding=\"async\" class=\"alignleft wp-image-120 size-full\" src=\"https:\/\/aneva.es\/wp-content\/uploads\/2018\/11\/344-07.jpg\" alt=\"\" width=\"547\" height=\"510\" srcset=\"https:\/\/aneva.es\/wp-content\/uploads\/2018\/11\/344-07.jpg 547w, https:\/\/aneva.es\/wp-content\/uploads\/2018\/11\/344-07-300x280.jpg 300w\" sizes=\"auto, (max-width: 547px) 100vw, 547px\" \/><\/strong><\/p>\n<p>&nbsp;<\/p>\n<p>&nbsp;<\/p>\n<p>&nbsp;<\/p>\n<p><strong>In a very prominent way,<em> aneva<\/em> promotes an adequate and complete management of the design process, taking care that all industrial development contemplates the following fundamental premises:<\/strong><\/p>\n<p><img loading=\"lazy\" decoding=\"async\" class=\"size-medium wp-image-150 alignright\" src=\"https:\/\/aneva.es\/wp-content\/uploads\/2018\/11\/933-01-1-300x199.jpg\" alt=\"\" width=\"300\" height=\"199\" srcset=\"https:\/\/aneva.es\/wp-content\/uploads\/2018\/11\/933-01-1-300x199.jpg 300w, https:\/\/aneva.es\/wp-content\/uploads\/2018\/11\/933-01-1.jpg 670w\" sizes=\"auto, (max-width: 300px) 100vw, 300px\" \/><strong><br \/>\n<\/strong><\/p>\n<p>&nbsp;<\/p>\n<ul>\n<li><strong>Traceability of the process from the mere conception of the first idea.<\/strong><\/li>\n<li><strong>Permanent and intelligent analysis of technical and economic feasibility, based on extensive knowledge of industrial production processes.<\/strong><\/li>\n<li><strong>Hierarchy of objectives associated with the final product, taking care to respect and promote the essential and original features of the product to be produced.<\/strong><\/li>\n<li><strong>Permanent observance of viability and easy maintenance of the resulting product, for several decades, respecting and promoting the expectations of the end user.<\/strong><\/li>\n<\/ul>","protected":false},"excerpt":{"rendered":"<p>&nbsp; &nbsp; &nbsp; &nbsp; De modo muy destacado, aneva promueve una adecuada y completa gesti\u00f3n del proceso de dise\u00f1o, cuidando que todo desarrollo industrial contemple las siguientes premisas fundamentales: &nbsp; Trazabilidad del proceso desde la mera concepci\u00f3n de la primera idea. An\u00e1lisis permanente e inteligente de la viabilidad t\u00e9cnica y econ\u00f3mica, basado en un amplio &hellip; <\/p>\n<p class=\"link-more\"><a href=\"https:\/\/aneva.es\/en\/gestion-de-diseno\/\" class=\"more-link\">Continue reading<span class=\"screen-reader-text\"> \u00abGESTI\u00d3N DE DISE\u00d1O\u00bb<\/span><\/a><\/p>","protected":false},"author":2,"featured_media":0,"parent":0,"menu_order":0,"comment_status":"closed","ping_status":"closed","template":"","meta":{"_mi_skip_tracking":false,"footnotes":""},"class_list":["post-338","page","type-page","status-publish","hentry"],"aioseo_notices":[],"_links":{"self":[{"href":"https:\/\/aneva.es\/en\/wp-json\/wp\/v2\/pages\/338","targetHints":{"allow":["GET"]}}],"collection":[{"href":"https:\/\/aneva.es\/en\/wp-json\/wp\/v2\/pages"}],"about":[{"href":"https:\/\/aneva.es\/en\/wp-json\/wp\/v2\/types\/page"}],"author":[{"embeddable":true,"href":"https:\/\/aneva.es\/en\/wp-json\/wp\/v2\/users\/2"}],"replies":[{"embeddable":true,"href":"https:\/\/aneva.es\/en\/wp-json\/wp\/v2\/comments?post=338"}],"version-history":[{"count":11,"href":"https:\/\/aneva.es\/en\/wp-json\/wp\/v2\/pages\/338\/revisions"}],"predecessor-version":[{"id":408,"href":"https:\/\/aneva.es\/en\/wp-json\/wp\/v2\/pages\/338\/revisions\/408"}],"wp:attachment":[{"href":"https:\/\/aneva.es\/en\/wp-json\/wp\/v2\/media?parent=338"}],"curies":[{"name":"wp","href":"https:\/\/api.w.org\/{rel}","templated":true}]}}