{"id":332,"date":"2022-06-13T11:23:11","date_gmt":"2022-06-13T11:23:11","guid":{"rendered":"https:\/\/aneva.es\/?page_id=332"},"modified":"2022-06-14T16:20:29","modified_gmt":"2022-06-14T16:20:29","slug":"garantia-de-marca","status":"publish","type":"page","link":"https:\/\/aneva.es\/en\/garantia-de-marca\/","title":{"rendered":"BRAND GUARANTEE"},"content":{"rendered":"<p>&nbsp;<\/p>\n<p><img loading=\"lazy\" decoding=\"async\" class=\"size-medium wp-image-193 alignright\" src=\"https:\/\/aneva.es\/wp-content\/uploads\/2018\/11\/cropped-763-01_mod-300x180.jpeg\" alt=\"\" width=\"300\" height=\"180\" srcset=\"https:\/\/aneva.es\/wp-content\/uploads\/2018\/11\/cropped-763-01_mod-300x180.jpeg 300w, https:\/\/aneva.es\/wp-content\/uploads\/2018\/11\/cropped-763-01_mod-768x461.jpeg 768w, https:\/\/aneva.es\/wp-content\/uploads\/2018\/11\/cropped-763-01_mod-1024x615.jpeg 1024w, https:\/\/aneva.es\/wp-content\/uploads\/2018\/11\/cropped-763-01_mod.jpeg 1970w\" sizes=\"auto, (max-width: 300px) 100vw, 300px\" \/><strong><em>aneva<\/em> aneva, with more than 60 years of experience in the industrial development of all types of lighting fixtures, is the holder of great prestige in various fields related to engineering, architecture and art, <\/strong><strong>being permanently recognized among the most relevant national design cabinets, which constitutes an unquestionable traditional source of guarantee.<\/strong><\/p>\n<p><img loading=\"lazy\" decoding=\"async\" class=\"size-medium wp-image-350\" src=\"https:\/\/aneva.es\/wp-content\/uploads\/2022\/06\/1080_02-225x300.jpg\" alt=\"\" width=\"225\" height=\"300\" \/> <a href=\"https:\/\/www.youtube.com\/watch?v=9LqPKkp_nK0\">v<em>ideo<\/em><\/a><\/p>","protected":false},"excerpt":{"rendered":"<p>&nbsp; aneva con m\u00e1s de 60 a\u00f1os de experiencia en el desarrollo industrial de todo tipo de luminarias, es poseedora de un gran prestigio en diversos estamentos relacionados con la ingenier\u00eda, la arquitectura y el arte, siendo permanentemente reconocida\u00a0 entre los m\u00e1s destacados gabinetes nacionales de dise\u00f1o, lo que constituye una indudable fuente tradicional garant\u00eda. &hellip; <\/p>\n<p class=\"link-more\"><a href=\"https:\/\/aneva.es\/en\/garantia-de-marca\/\" class=\"more-link\">Continue reading<span class=\"screen-reader-text\"> \u00abGARANT\u00edA DE MARCA\u00bb<\/span><\/a><\/p>","protected":false},"author":2,"featured_media":0,"parent":0,"menu_order":0,"comment_status":"closed","ping_status":"closed","template":"","meta":{"_mi_skip_tracking":false,"footnotes":""},"class_list":["post-332","page","type-page","status-publish","hentry"],"aioseo_notices":[],"_links":{"self":[{"href":"https:\/\/aneva.es\/en\/wp-json\/wp\/v2\/pages\/332","targetHints":{"allow":["GET"]}}],"collection":[{"href":"https:\/\/aneva.es\/en\/wp-json\/wp\/v2\/pages"}],"about":[{"href":"https:\/\/aneva.es\/en\/wp-json\/wp\/v2\/types\/page"}],"author":[{"embeddable":true,"href":"https:\/\/aneva.es\/en\/wp-json\/wp\/v2\/users\/2"}],"replies":[{"embeddable":true,"href":"https:\/\/aneva.es\/en\/wp-json\/wp\/v2\/comments?post=332"}],"version-history":[{"count":6,"href":"https:\/\/aneva.es\/en\/wp-json\/wp\/v2\/pages\/332\/revisions"}],"predecessor-version":[{"id":362,"href":"https:\/\/aneva.es\/en\/wp-json\/wp\/v2\/pages\/332\/revisions\/362"}],"wp:attachment":[{"href":"https:\/\/aneva.es\/en\/wp-json\/wp\/v2\/media?parent=332"}],"curies":[{"name":"wp","href":"https:\/\/api.w.org\/{rel}","templated":true}]}}