{"id":295,"date":"2022-06-13T11:20:49","date_gmt":"2022-06-13T11:20:49","guid":{"rendered":"https:\/\/aneva.es\/?page_id=295"},"modified":"2022-06-15T16:21:31","modified_gmt":"2022-06-15T16:21:31","slug":"labor","status":"publish","type":"page","link":"https:\/\/aneva.es\/en\/labor\/","title":{"rendered":"WORK"},"content":{"rendered":"<p>&nbsp;<\/p>\n<p><strong><img loading=\"lazy\" decoding=\"async\" class=\"alignleft wp-image-159 size-medium\" src=\"https:\/\/aneva.es\/wp-content\/uploads\/2018\/11\/467-02-300x200.jpg\" alt=\"\" width=\"300\" height=\"200\" srcset=\"https:\/\/aneva.es\/wp-content\/uploads\/2018\/11\/467-02-300x200.jpg 300w, https:\/\/aneva.es\/wp-content\/uploads\/2018\/11\/467-02-768x512.jpg 768w, https:\/\/aneva.es\/wp-content\/uploads\/2018\/11\/467-02.jpg 800w\" sizes=\"auto, (max-width: 300px) 100vw, 300px\" \/><\/strong><\/p>\n<p>&nbsp;<\/p>\n<ul>\n<li><strong>Developed Industrial Lighting Design.<\/strong><\/li>\n<li><strong>Manufacture of Luminaires.<\/strong><\/li>\n<li><strong>Advice and consultancy.<\/strong><\/li>\n<\/ul>","protected":false},"excerpt":{"rendered":"<p>&nbsp; &nbsp; Dise\u00f1o Industrial Desarrollado de Luminarias. Fabricaci\u00f3n de Luminarias. Asesoramiento y consultor\u00eda.<\/p>","protected":false},"author":2,"featured_media":0,"parent":0,"menu_order":0,"comment_status":"closed","ping_status":"closed","template":"","meta":{"_mi_skip_tracking":false,"footnotes":""},"class_list":["post-295","page","type-page","status-publish","hentry"],"aioseo_notices":[],"_links":{"self":[{"href":"https:\/\/aneva.es\/en\/wp-json\/wp\/v2\/pages\/295","targetHints":{"allow":["GET"]}}],"collection":[{"href":"https:\/\/aneva.es\/en\/wp-json\/wp\/v2\/pages"}],"about":[{"href":"https:\/\/aneva.es\/en\/wp-json\/wp\/v2\/types\/page"}],"author":[{"embeddable":true,"href":"https:\/\/aneva.es\/en\/wp-json\/wp\/v2\/users\/2"}],"replies":[{"embeddable":true,"href":"https:\/\/aneva.es\/en\/wp-json\/wp\/v2\/comments?post=295"}],"version-history":[{"count":13,"href":"https:\/\/aneva.es\/en\/wp-json\/wp\/v2\/pages\/295\/revisions"}],"predecessor-version":[{"id":411,"href":"https:\/\/aneva.es\/en\/wp-json\/wp\/v2\/pages\/295\/revisions\/411"}],"wp:attachment":[{"href":"https:\/\/aneva.es\/en\/wp-json\/wp\/v2\/media?parent=295"}],"curies":[{"name":"wp","href":"https:\/\/api.w.org\/{rel}","templated":true}]}}